{"id":335,"date":"2023-02-12T19:20:38","date_gmt":"2023-02-12T19:20:38","guid":{"rendered":"https:\/\/osteopathie-schwentinental.de\/?page_id=335"},"modified":"2023-08-07T12:03:05","modified_gmt":"2023-08-07T12:03:05","slug":"impressum","status":"publish","type":"page","link":"https:\/\/osteopathie-schwentinental.de\/?page_id=335","title":{"rendered":"Impressum"},"content":{"rendered":"\t\t<div data-elementor-type=\"wp-page\" data-elementor-id=\"335\" class=\"elementor elementor-335\">\n\t\t\t\t\t\t<section class=\"elementor-section elementor-top-section elementor-element elementor-element-7764498 elementor-section-boxed elementor-section-height-default elementor-section-height-default\" data-id=\"7764498\" data-element_type=\"section\" data-e-type=\"section\">\n\t\t\t\t\t\t<div class=\"elementor-container elementor-column-gap-default\">\n\t\t\t\t\t<div class=\"elementor-column elementor-col-100 elementor-top-column elementor-element elementor-element-1c01a94\" data-id=\"1c01a94\" data-element_type=\"column\" data-e-type=\"column\">\n\t\t\t<div class=\"elementor-widget-wrap elementor-element-populated\">\n\t\t\t\t\t\t<div class=\"elementor-element elementor-element-d9547e7 elementor-widget elementor-widget-text-editor\" data-id=\"d9547e7\" data-element_type=\"widget\" data-e-type=\"widget\" data-widget_type=\"text-editor.default\">\n\t\t\t\t<div class=\"elementor-widget-container\">\n\t\t\t\t\t\t\t\t\t<p>Impressum<\/p>\t\t\t\t\t\t\t\t<\/div>\n\t\t\t\t<\/div>\n\t\t\t\t<div class=\"elementor-element elementor-element-140576e elementor-widget elementor-widget-text-editor\" data-id=\"140576e\" data-element_type=\"widget\" data-e-type=\"widget\" data-widget_type=\"text-editor.default\">\n\t\t\t\t<div class=\"elementor-widget-container\">\n\t\t\t\t\t\t\t\t\t<p><span style=\"font-size: 11px; color: var( --e-global-color-text );\">&nbsp;<\/span><\/p>\n<p><span style=\"color: var( --e-global-color-text ); font-size: 11px;\">Osteopathie Sievertsen<\/span><\/p>\n<p><span style=\"font-size: 11px; color: var( --e-global-color-text );\">&nbsp;<\/span><\/p>\n<p><span style=\"font-size: 11px; color: var( --e-global-color-text );\">Inhaber:<\/span><\/p>\n<p><span style=\"color: var( --e-global-color-text ); font-size: 11px; font-weight: normal;\">Lars Sievertsen<\/span><\/p>\n<p><span style=\"color: var( --e-global-color-text ); font-size: 11px; font-weight: normal;\"><br><\/span><\/p>\n<p>Berufsbezeichnung:&nbsp;<\/p>\n<p>Heilpraktiker, Physiotherapeut<\/p>\n<p><br><\/p>\n<p><\/p>\n<p>Staat der Verleihung:&nbsp;<\/p>\n<p>Bundesrepublik Deutschland<\/p>\n<p><br><\/p>\n<p><\/p>\n<p>Anschrift:<\/p>\n<p>Klaus-Groth-Stra\u00dfe 3<\/p>\n<p>24223 Schwentinental<\/p>\n<p><br><\/p>\n<p><\/p>\n<p>Kontakt:<\/p>\n<p>Telefon: 04307 &#8211; 3729566<\/p>\n<p>E-Mail: sievertsen@osteopathie-schwentinental.de<\/p>\n<p><br><\/p>\n<p><\/p>\n<p>Zust\u00e4ndige Aufsichtsbeh\u00f6rde:<\/p>\n<p>Amt f\u00fcr Gesundheit Pl\u00f6n<\/p>\n<p>Hamburger Stra\u00dfe 17-18<\/p>\n<p>24306 Pl\u00f6n<\/p>\n<p><\/p>\t\t\t\t\t\t\t\t<\/div>\n\t\t\t\t<\/div>\n\t\t\t\t\t<\/div>\n\t\t<\/div>\n\t\t\t\t\t<\/div>\n\t\t<\/section>\n\t\t\t\t<section class=\"elementor-section elementor-top-section elementor-element elementor-element-7487bfc3 elementor-section-boxed elementor-section-height-default elementor-section-height-default\" data-id=\"7487bfc3\" data-element_type=\"section\" data-e-type=\"section\" data-settings=\"{&quot;background_background&quot;:&quot;classic&quot;}\">\n\t\t\t\t\t\t<div class=\"elementor-container elementor-column-gap-default\">\n\t\t\t\t\t<div class=\"elementor-column elementor-col-33 elementor-top-column elementor-element elementor-element-384b4e5d\" data-id=\"384b4e5d\" data-element_type=\"column\" data-e-type=\"column\" data-settings=\"{&quot;background_background&quot;:&quot;classic&quot;}\">\n\t\t\t<div class=\"elementor-widget-wrap elementor-element-populated\">\n\t\t\t\t\t\t<div class=\"elementor-element elementor-element-76eaa5b3 elementor-widget elementor-widget-image\" data-id=\"76eaa5b3\" data-element_type=\"widget\" data-e-type=\"widget\" data-widget_type=\"image.default\">\n\t\t\t\t<div class=\"elementor-widget-container\">\n\t\t\t\t\t\t\t\t\t\t\t\t\t\t\t<img fetchpriority=\"high\" decoding=\"async\" width=\"1024\" height=\"237\" src=\"https:\/\/osteopathie-schwentinental.de\/wp-content\/uploads\/2023\/02\/Logo-ohne-beruf-1024x237.png\" class=\"attachment-large size-large wp-image-14\" alt=\"\" srcset=\"https:\/\/osteopathie-schwentinental.de\/wp-content\/uploads\/2023\/02\/Logo-ohne-beruf-1024x237.png 1024w, https:\/\/osteopathie-schwentinental.de\/wp-content\/uploads\/2023\/02\/Logo-ohne-beruf-300x70.png 300w, https:\/\/osteopathie-schwentinental.de\/wp-content\/uploads\/2023\/02\/Logo-ohne-beruf-768x178.png 768w, https:\/\/osteopathie-schwentinental.de\/wp-content\/uploads\/2023\/02\/Logo-ohne-beruf-1536x356.png 1536w, https:\/\/osteopathie-schwentinental.de\/wp-content\/uploads\/2023\/02\/Logo-ohne-beruf.png 1824w\" sizes=\"(max-width: 1024px) 100vw, 1024px\" \/>\t\t\t\t\t\t\t\t\t\t\t\t\t\t\t<\/div>\n\t\t\t\t<\/div>\n\t\t\t\t\t<\/div>\n\t\t<\/div>\n\t\t\t\t<div class=\"elementor-column elementor-col-33 elementor-top-column elementor-element elementor-element-aa3d5a0\" data-id=\"aa3d5a0\" data-element_type=\"column\" data-e-type=\"column\">\n\t\t\t<div class=\"elementor-widget-wrap elementor-element-populated\">\n\t\t\t\t\t\t<div class=\"elementor-element elementor-element-512b41a9 elementor-icon-list--layout-traditional elementor-list-item-link-full_width elementor-widget elementor-widget-icon-list\" data-id=\"512b41a9\" data-element_type=\"widget\" data-e-type=\"widget\" data-widget_type=\"icon-list.default\">\n\t\t\t\t<div class=\"elementor-widget-container\">\n\t\t\t\t\t\t\t<ul class=\"elementor-icon-list-items\">\n\t\t\t\t\t\t\t<li class=\"elementor-icon-list-item\">\n\t\t\t\t\t\t\t\t\t\t\t<span class=\"elementor-icon-list-icon\">\n\t\t\t\t\t\t\t<i aria-hidden=\"true\" class=\"fas fa-angle-right\"><\/i>\t\t\t\t\t\t<\/span>\n\t\t\t\t\t\t\t\t\t\t<span class=\"elementor-icon-list-text\">Impressum<\/span>\n\t\t\t\t\t\t\t\t\t<\/li>\n\t\t\t\t\t\t\t\t<li class=\"elementor-icon-list-item\">\n\t\t\t\t\t\t\t\t\t\t\t<a href=\"https:\/\/osteopathie-schwentinental.de\/?page_id=265\">\n\n\t\t\t\t\t\t\t\t\t\t\t\t<span class=\"elementor-icon-list-icon\">\n\t\t\t\t\t\t\t<i aria-hidden=\"true\" class=\"fas fa-angle-right\"><\/i>\t\t\t\t\t\t<\/span>\n\t\t\t\t\t\t\t\t\t\t<span class=\"elementor-icon-list-text\">Datenschutz<\/span>\n\t\t\t\t\t\t\t\t\t\t\t<\/a>\n\t\t\t\t\t\t\t\t\t<\/li>\n\t\t\t\t\t\t<\/ul>\n\t\t\t\t\t\t<\/div>\n\t\t\t\t<\/div>\n\t\t\t\t\t<\/div>\n\t\t<\/div>\n\t\t\t\t<div class=\"elementor-column elementor-col-33 elementor-top-column elementor-element elementor-element-5428fbe\" data-id=\"5428fbe\" data-element_type=\"column\" data-e-type=\"column\">\n\t\t\t<div class=\"elementor-widget-wrap\">\n\t\t\t\t\t\t\t<\/div>\n\t\t<\/div>\n\t\t\t\t\t<\/div>\n\t\t<\/section>\n\t\t\t\t<\/div>\n\t\t","protected":false},"excerpt":{"rendered":"<p>Impressum &nbsp; Osteopathie Sievertsen &nbsp; Inhaber: Lars Sievertsen Berufsbezeichnung:&nbsp; Heilpraktiker, Physiotherapeut Staat der Verleihung:&nbsp; Bundesrepublik Deutschland Anschrift: Klaus-Groth-Stra\u00dfe 3 24223 Schwentinental Kontakt: Telefon: 04307 &#8211; 3729566 E-Mail: sievertsen@osteopathie-schwentinental.de Zust\u00e4ndige Aufsichtsbeh\u00f6rde: Amt f\u00fcr Gesundheit Pl\u00f6n Hamburger Stra\u00dfe 17-18 24306 Pl\u00f6n Impressum Datenschutz<\/p>\n","protected":false},"author":1,"featured_media":0,"parent":0,"menu_order":0,"comment_status":"closed","ping_status":"closed","template":"","meta":{"ocean_post_layout":"full-width","ocean_both_sidebars_style":"","ocean_both_sidebars_content_width":0,"ocean_both_sidebars_sidebars_width":0,"ocean_sidebar":"0","ocean_second_sidebar":"0","ocean_disable_margins":"enable","ocean_add_body_class":"","ocean_shortcode_before_top_bar":"","ocean_shortcode_after_top_bar":"","ocean_shortcode_before_header":"","ocean_shortcode_after_header":"","ocean_has_shortcode":"","ocean_shortcode_after_title":"","ocean_shortcode_before_footer_widgets":"","ocean_shortcode_after_footer_widgets":"","ocean_shortcode_before_footer_bottom":"","ocean_shortcode_after_footer_bottom":"","ocean_display_top_bar":"off","ocean_display_header":"default","ocean_header_style":"","ocean_center_header_left_menu":"0","ocean_custom_header_template":"0","ocean_custom_logo":0,"ocean_custom_retina_logo":0,"ocean_custom_logo_max_width":0,"ocean_custom_logo_tablet_max_width":0,"ocean_custom_logo_mobile_max_width":0,"ocean_custom_logo_max_height":0,"ocean_custom_logo_tablet_max_height":0,"ocean_custom_logo_mobile_max_height":0,"ocean_header_custom_menu":"0","ocean_menu_typo_font_family":"0","ocean_menu_typo_font_subset":"","ocean_menu_typo_font_size":0,"ocean_menu_typo_font_size_tablet":0,"ocean_menu_typo_font_size_mobile":0,"ocean_menu_typo_font_size_unit":"px","ocean_menu_typo_font_weight":"","ocean_menu_typo_font_weight_tablet":"","ocean_menu_typo_font_weight_mobile":"","ocean_menu_typo_transform":"","ocean_menu_typo_transform_tablet":"","ocean_menu_typo_transform_mobile":"","ocean_menu_typo_line_height":0,"ocean_menu_typo_line_height_tablet":0,"ocean_menu_typo_line_height_mobile":0,"ocean_menu_typo_line_height_unit":"","ocean_menu_typo_spacing":0,"ocean_menu_typo_spacing_tablet":0,"ocean_menu_typo_spacing_mobile":0,"ocean_menu_typo_spacing_unit":"","ocean_menu_link_color":"","ocean_menu_link_color_hover":"","ocean_menu_link_color_active":"","ocean_menu_link_background":"","ocean_menu_link_hover_background":"","ocean_menu_link_active_background":"","ocean_menu_social_links_bg":"","ocean_menu_social_hover_links_bg":"","ocean_menu_social_links_color":"","ocean_menu_social_hover_links_color":"","ocean_disable_title":"on","ocean_disable_heading":"default","ocean_post_title":"","ocean_post_subheading":"","ocean_post_title_style":"","ocean_post_title_background_color":"","ocean_post_title_background":0,"ocean_post_title_bg_image_position":"","ocean_post_title_bg_image_attachment":"","ocean_post_title_bg_image_repeat":"","ocean_post_title_bg_image_size":"","ocean_post_title_height":0,"ocean_post_title_bg_overlay":0.5,"ocean_post_title_bg_overlay_color":"","ocean_disable_breadcrumbs":"default","ocean_breadcrumbs_color":"","ocean_breadcrumbs_separator_color":"","ocean_breadcrumbs_links_color":"","ocean_breadcrumbs_links_hover_color":"","ocean_display_footer_widgets":"off","ocean_display_footer_bottom":"off","ocean_custom_footer_template":"0","footnotes":""},"class_list":["post-335","page","type-page","status-publish","hentry","entry"],"_links":{"self":[{"href":"https:\/\/osteopathie-schwentinental.de\/index.php?rest_route=\/wp\/v2\/pages\/335","targetHints":{"allow":["GET"]}}],"collection":[{"href":"https:\/\/osteopathie-schwentinental.de\/index.php?rest_route=\/wp\/v2\/pages"}],"about":[{"href":"https:\/\/osteopathie-schwentinental.de\/index.php?rest_route=\/wp\/v2\/types\/page"}],"author":[{"embeddable":true,"href":"https:\/\/osteopathie-schwentinental.de\/index.php?rest_route=\/wp\/v2\/users\/1"}],"replies":[{"embeddable":true,"href":"https:\/\/osteopathie-schwentinental.de\/index.php?rest_route=%2Fwp%2Fv2%2Fcomments&post=335"}],"version-history":[{"count":46,"href":"https:\/\/osteopathie-schwentinental.de\/index.php?rest_route=\/wp\/v2\/pages\/335\/revisions"}],"predecessor-version":[{"id":1248,"href":"https:\/\/osteopathie-schwentinental.de\/index.php?rest_route=\/wp\/v2\/pages\/335\/revisions\/1248"}],"wp:attachment":[{"href":"https:\/\/osteopathie-schwentinental.de\/index.php?rest_route=%2Fwp%2Fv2%2Fmedia&parent=335"}],"curies":[{"name":"wp","href":"https:\/\/api.w.org\/{rel}","templated":true}]}}