{"id":355,"date":"2023-02-12T19:44:08","date_gmt":"2023-02-12T19:44:08","guid":{"rendered":"https:\/\/osteopathie-schwentinental.de\/?page_id=355"},"modified":"2024-12-12T14:19:47","modified_gmt":"2024-12-12T14:19:47","slug":"preise-kostenerstattung","status":"publish","type":"page","link":"https:\/\/osteopathie-schwentinental.de\/?page_id=355","title":{"rendered":"Preise \/ Kostenerstattung"},"content":{"rendered":"\t\t<div data-elementor-type=\"wp-page\" data-elementor-id=\"355\" class=\"elementor elementor-355\">\n\t\t\t\t\t\t<section class=\"elementor-section elementor-top-section elementor-element elementor-element-204ac6cf elementor-section-height-full elementor-section-boxed elementor-section-height-default elementor-section-items-middle\" data-id=\"204ac6cf\" data-element_type=\"section\" data-e-type=\"section\" data-settings=\"{&quot;background_background&quot;:&quot;classic&quot;,&quot;shape_divider_bottom&quot;:&quot;tilt&quot;}\">\n\t\t\t\t\t<div class=\"elementor-shape elementor-shape-bottom\" aria-hidden=\"true\" data-negative=\"false\">\n\t\t\t<svg xmlns=\"http:\/\/www.w3.org\/2000\/svg\" viewBox=\"0 0 1000 100\" preserveAspectRatio=\"none\">\n\t<path class=\"elementor-shape-fill\" d=\"M0,6V0h1000v100L0,6z\"\/>\n<\/svg>\t\t<\/div>\n\t\t\t\t\t<div class=\"elementor-container elementor-column-gap-custom\">\n\t\t\t\t\t<div class=\"elementor-column elementor-col-100 elementor-top-column elementor-element elementor-element-722be834\" data-id=\"722be834\" data-element_type=\"column\" data-e-type=\"column\" data-settings=\"{&quot;background_background&quot;:&quot;classic&quot;}\">\n\t\t\t<div class=\"elementor-widget-wrap elementor-element-populated\">\n\t\t\t\t\t\t<div class=\"elementor-element elementor-element-5d41ae24 elementor-widget__width-inherit elementor-widget elementor-widget-image\" data-id=\"5d41ae24\" data-element_type=\"widget\" data-e-type=\"widget\" data-widget_type=\"image.default\">\n\t\t\t\t<div class=\"elementor-widget-container\">\n\t\t\t\t\t\t\t\t\t\t\t\t\t\t\t<img fetchpriority=\"high\" decoding=\"async\" width=\"1024\" height=\"237\" src=\"https:\/\/osteopathie-schwentinental.de\/wp-content\/uploads\/2023\/02\/Logo-ohne-beruf-1024x237.png\" class=\"attachment-large size-large wp-image-14\" alt=\"\" srcset=\"https:\/\/osteopathie-schwentinental.de\/wp-content\/uploads\/2023\/02\/Logo-ohne-beruf-1024x237.png 1024w, https:\/\/osteopathie-schwentinental.de\/wp-content\/uploads\/2023\/02\/Logo-ohne-beruf-300x70.png 300w, https:\/\/osteopathie-schwentinental.de\/wp-content\/uploads\/2023\/02\/Logo-ohne-beruf-768x178.png 768w, https:\/\/osteopathie-schwentinental.de\/wp-content\/uploads\/2023\/02\/Logo-ohne-beruf-1536x356.png 1536w, https:\/\/osteopathie-schwentinental.de\/wp-content\/uploads\/2023\/02\/Logo-ohne-beruf.png 1824w\" sizes=\"(max-width: 1024px) 100vw, 1024px\" \/>\t\t\t\t\t\t\t\t\t\t\t\t\t\t\t<\/div>\n\t\t\t\t<\/div>\n\t\t\t\t<div class=\"elementor-element elementor-element-656c8de6 elementor-widget__width-inherit elementor-widget elementor-widget-text-editor\" data-id=\"656c8de6\" data-element_type=\"widget\" data-e-type=\"widget\" data-widget_type=\"text-editor.default\">\n\t\t\t\t<div class=\"elementor-widget-container\">\n\t\t\t\t\t\t\t\t\t<p>\u00a0<\/p><p><strong><u>Preise und Kostenerstattung<\/u><\/strong><\/p><p><b style=\"font-size: 14px; color: var( --e-global-color-text );\"><u>Osteopathie<\/u><\/b><\/p><p>Osteopathie ist eine Privatleistung. Private Krankenversicherungen \u00fcbernehmen die Kosten meist, soweit heilpraktische Leistungen in der Versicherungspolice aufgef\u00fchrt sind. Bitte informieren Sie sich rechtzeitig und eigenverantwortlich selbst \u00fcber eventuelle Erstattungen.<\/p><p>Einige gesetzliche Krankenkassen bezuschussen osteopathische Behandlungen. Meist ist die Voraussetzung f\u00fcr die anteilige Kosten\u00fcbernahme, dass die Behandlung durch eine \u00c4rztin oder einen Arzt veranlasst worden ist und dies vor Beginn der Behandlung schriftlich bescheinigt wurde. Informieren sie sich bei Ihrer Krankenkasse am Besten vor Behandlungsbeginn.<\/p><p><b style=\"font-size: 14px; color: var( --e-global-color-text );\">Osteopathie Befund und Erstbehandlung:\u00a0<\/b><br \/><span style=\"color: var( --e-global-color-text ); font-size: 14px;\">(Voraussetzung f\u00fcr Folgebehandlung)\u00a0<\/span><\/p><p><span style=\"font-size: 14px; color: var( --e-global-color-text );\">50-60 Min Befund + <\/span><span style=\"font-size: 14px; color: var( --e-global-color-text );\">20-30 Min Erstbehandlung<\/span><br \/><span style=\"color: var( --e-global-color-text ); font-size: 14px;\">125 Euro<\/span><\/p><p><b style=\"font-size: 14px; color: var( --e-global-color-text );\">Osteopathie Folgebehandlung:<\/b><\/p><p><span style=\"color: var( --e-global-color-text ); font-size: 14px;\">45 &#8211; 60 Min osteopathische Behandlung<\/span><br \/><span style=\"color: var( --e-global-color-text ); font-size: 14px;\">105 Euro<\/span><\/p><p><b style=\"font-size: 14px; color: var( --e-global-color-text );\"><u>Physiotherapie und Manuelle Therapie (privat)<\/u><\/b><\/p><p>Ich berechne bei Privatrezepten f\u00fcr Physiotherapie und Manuelle Therapie den 1,6-fachen VDEK-Satz. Eine Therapieeinheit dauert in der Regel ca. 25 Minuten. Bitte beachten Sie, dass nicht alle Versicherungen kostendeckend sind.<\/p>\t\t\t\t\t\t\t\t<\/div>\n\t\t\t\t<\/div>\n\t\t\t\t\t<\/div>\n\t\t<\/div>\n\t\t\t\t\t<\/div>\n\t\t<\/section>\n\t\t\t\t<section class=\"elementor-section elementor-top-section elementor-element elementor-element-edb7871 elementor-section-boxed elementor-section-height-default elementor-section-height-default\" data-id=\"edb7871\" data-element_type=\"section\" data-e-type=\"section\" data-settings=\"{&quot;background_background&quot;:&quot;classic&quot;}\">\n\t\t\t\t\t\t<div class=\"elementor-container elementor-column-gap-default\">\n\t\t\t\t\t<div class=\"elementor-column elementor-col-33 elementor-top-column elementor-element elementor-element-337a6cbc\" data-id=\"337a6cbc\" data-element_type=\"column\" data-e-type=\"column\" data-settings=\"{&quot;background_background&quot;:&quot;classic&quot;}\">\n\t\t\t<div class=\"elementor-widget-wrap elementor-element-populated\">\n\t\t\t\t\t\t<div class=\"elementor-element elementor-element-336796ab elementor-widget-mobile__width-inherit elementor-widget elementor-widget-image\" data-id=\"336796ab\" data-element_type=\"widget\" data-e-type=\"widget\" data-widget_type=\"image.default\">\n\t\t\t\t<div class=\"elementor-widget-container\">\n\t\t\t\t\t\t\t\t\t\t\t\t\t\t\t<img fetchpriority=\"high\" decoding=\"async\" width=\"1024\" height=\"237\" src=\"https:\/\/osteopathie-schwentinental.de\/wp-content\/uploads\/2023\/02\/Logo-ohne-beruf-1024x237.png\" class=\"attachment-large size-large wp-image-14\" alt=\"\" srcset=\"https:\/\/osteopathie-schwentinental.de\/wp-content\/uploads\/2023\/02\/Logo-ohne-beruf-1024x237.png 1024w, https:\/\/osteopathie-schwentinental.de\/wp-content\/uploads\/2023\/02\/Logo-ohne-beruf-300x70.png 300w, https:\/\/osteopathie-schwentinental.de\/wp-content\/uploads\/2023\/02\/Logo-ohne-beruf-768x178.png 768w, https:\/\/osteopathie-schwentinental.de\/wp-content\/uploads\/2023\/02\/Logo-ohne-beruf-1536x356.png 1536w, https:\/\/osteopathie-schwentinental.de\/wp-content\/uploads\/2023\/02\/Logo-ohne-beruf.png 1824w\" sizes=\"(max-width: 1024px) 100vw, 1024px\" \/>\t\t\t\t\t\t\t\t\t\t\t\t\t\t\t<\/div>\n\t\t\t\t<\/div>\n\t\t\t\t\t<\/div>\n\t\t<\/div>\n\t\t\t\t<div class=\"elementor-column elementor-col-33 elementor-top-column elementor-element elementor-element-5b8faa66\" data-id=\"5b8faa66\" data-element_type=\"column\" data-e-type=\"column\">\n\t\t\t<div class=\"elementor-widget-wrap elementor-element-populated\">\n\t\t\t\t\t\t<div class=\"elementor-element elementor-element-151fd634 elementor-widget-mobile__width-inherit elementor-mobile-align-start elementor-icon-list--layout-traditional elementor-list-item-link-full_width elementor-widget elementor-widget-icon-list\" data-id=\"151fd634\" data-element_type=\"widget\" data-e-type=\"widget\" data-widget_type=\"icon-list.default\">\n\t\t\t\t<div class=\"elementor-widget-container\">\n\t\t\t\t\t\t\t<ul class=\"elementor-icon-list-items\">\n\t\t\t\t\t\t\t<li class=\"elementor-icon-list-item\">\n\t\t\t\t\t\t\t\t\t\t\t<a href=\"https:\/\/osteopathie-schwentinental.de\/?page_id=335\">\n\n\t\t\t\t\t\t\t\t\t\t\t\t<span class=\"elementor-icon-list-icon\">\n\t\t\t\t\t\t\t<i aria-hidden=\"true\" class=\"fas fa-angle-right\"><\/i>\t\t\t\t\t\t<\/span>\n\t\t\t\t\t\t\t\t\t\t<span class=\"elementor-icon-list-text\">Impressum<\/span>\n\t\t\t\t\t\t\t\t\t\t\t<\/a>\n\t\t\t\t\t\t\t\t\t<\/li>\n\t\t\t\t\t\t\t\t<li class=\"elementor-icon-list-item\">\n\t\t\t\t\t\t\t\t\t\t\t<a href=\"https:\/\/osteopathie-schwentinental.de\/?page_id=265\">\n\n\t\t\t\t\t\t\t\t\t\t\t\t<span class=\"elementor-icon-list-icon\">\n\t\t\t\t\t\t\t<i aria-hidden=\"true\" class=\"fas fa-angle-right\"><\/i>\t\t\t\t\t\t<\/span>\n\t\t\t\t\t\t\t\t\t\t<span class=\"elementor-icon-list-text\">Datenschutz<\/span>\n\t\t\t\t\t\t\t\t\t\t\t<\/a>\n\t\t\t\t\t\t\t\t\t<\/li>\n\t\t\t\t\t\t<\/ul>\n\t\t\t\t\t\t<\/div>\n\t\t\t\t<\/div>\n\t\t\t\t\t<\/div>\n\t\t<\/div>\n\t\t\t\t<div class=\"elementor-column elementor-col-33 elementor-top-column elementor-element elementor-element-1380d857\" data-id=\"1380d857\" data-element_type=\"column\" data-e-type=\"column\">\n\t\t\t<div class=\"elementor-widget-wrap elementor-element-populated\">\n\t\t\t\t\t\t\t<\/div>\n\t\t<\/div>\n\t\t\t\t\t<\/div>\n\t\t<\/section>\n\t\t\t\t<\/div>\n\t\t","protected":false},"excerpt":{"rendered":"<p>\u00a0 Preise und Kostenerstattung Osteopathie Osteopathie ist eine Privatleistung. Private Krankenversicherungen \u00fcbernehmen die Kosten meist, soweit heilpraktische Leistungen in der Versicherungspolice aufgef\u00fchrt sind. Bitte informieren Sie sich rechtzeitig und eigenverantwortlich selbst \u00fcber eventuelle Erstattungen. Einige gesetzliche Krankenkassen bezuschussen osteopathische Behandlungen. Meist ist die Voraussetzung f\u00fcr die anteilige Kosten\u00fcbernahme, dass die Behandlung durch eine \u00c4rztin oder [&hellip;]<\/p>\n","protected":false},"author":1,"featured_media":0,"parent":0,"menu_order":0,"comment_status":"closed","ping_status":"closed","template":"","meta":{"ocean_post_layout":"full-screen","ocean_both_sidebars_style":"","ocean_both_sidebars_content_width":0,"ocean_both_sidebars_sidebars_width":0,"ocean_sidebar":"0","ocean_second_sidebar":"0","ocean_disable_margins":"enable","ocean_add_body_class":"","ocean_shortcode_before_top_bar":"","ocean_shortcode_after_top_bar":"","ocean_shortcode_before_header":"","ocean_shortcode_after_header":"","ocean_has_shortcode":"","ocean_shortcode_after_title":"","ocean_shortcode_before_footer_widgets":"","ocean_shortcode_after_footer_widgets":"","ocean_shortcode_before_footer_bottom":"","ocean_shortcode_after_footer_bottom":"","ocean_display_top_bar":"off","ocean_display_header":"default","ocean_header_style":"","ocean_center_header_left_menu":"0","ocean_custom_header_template":"0","ocean_custom_logo":0,"ocean_custom_retina_logo":0,"ocean_custom_logo_max_width":0,"ocean_custom_logo_tablet_max_width":0,"ocean_custom_logo_mobile_max_width":0,"ocean_custom_logo_max_height":0,"ocean_custom_logo_tablet_max_height":0,"ocean_custom_logo_mobile_max_height":0,"ocean_header_custom_menu":"0","ocean_menu_typo_font_family":"0","ocean_menu_typo_font_subset":"","ocean_menu_typo_font_size":0,"ocean_menu_typo_font_size_tablet":0,"ocean_menu_typo_font_size_mobile":0,"ocean_menu_typo_font_size_unit":"px","ocean_menu_typo_font_weight":"","ocean_menu_typo_font_weight_tablet":"","ocean_menu_typo_font_weight_mobile":"","ocean_menu_typo_transform":"","ocean_menu_typo_transform_tablet":"","ocean_menu_typo_transform_mobile":"","ocean_menu_typo_line_height":0,"ocean_menu_typo_line_height_tablet":0,"ocean_menu_typo_line_height_mobile":0,"ocean_menu_typo_line_height_unit":"","ocean_menu_typo_spacing":0,"ocean_menu_typo_spacing_tablet":0,"ocean_menu_typo_spacing_mobile":0,"ocean_menu_typo_spacing_unit":"","ocean_menu_link_color":"","ocean_menu_link_color_hover":"","ocean_menu_link_color_active":"","ocean_menu_link_background":"","ocean_menu_link_hover_background":"","ocean_menu_link_active_background":"","ocean_menu_social_links_bg":"","ocean_menu_social_hover_links_bg":"","ocean_menu_social_links_color":"","ocean_menu_social_hover_links_color":"","ocean_disable_title":"on","ocean_disable_heading":"default","ocean_post_title":"","ocean_post_subheading":"","ocean_post_title_style":"","ocean_post_title_background_color":"","ocean_post_title_background":0,"ocean_post_title_bg_image_position":"","ocean_post_title_bg_image_attachment":"","ocean_post_title_bg_image_repeat":"","ocean_post_title_bg_image_size":"","ocean_post_title_height":0,"ocean_post_title_bg_overlay":0.5,"ocean_post_title_bg_overlay_color":"","ocean_disable_breadcrumbs":"default","ocean_breadcrumbs_color":"","ocean_breadcrumbs_separator_color":"","ocean_breadcrumbs_links_color":"","ocean_breadcrumbs_links_hover_color":"","ocean_display_footer_widgets":"off","ocean_display_footer_bottom":"off","ocean_custom_footer_template":"0","footnotes":""},"class_list":["post-355","page","type-page","status-publish","hentry","entry"],"_links":{"self":[{"href":"https:\/\/osteopathie-schwentinental.de\/index.php?rest_route=\/wp\/v2\/pages\/355","targetHints":{"allow":["GET"]}}],"collection":[{"href":"https:\/\/osteopathie-schwentinental.de\/index.php?rest_route=\/wp\/v2\/pages"}],"about":[{"href":"https:\/\/osteopathie-schwentinental.de\/index.php?rest_route=\/wp\/v2\/types\/page"}],"author":[{"embeddable":true,"href":"https:\/\/osteopathie-schwentinental.de\/index.php?rest_route=\/wp\/v2\/users\/1"}],"replies":[{"embeddable":true,"href":"https:\/\/osteopathie-schwentinental.de\/index.php?rest_route=%2Fwp%2Fv2%2Fcomments&post=355"}],"version-history":[{"count":212,"href":"https:\/\/osteopathie-schwentinental.de\/index.php?rest_route=\/wp\/v2\/pages\/355\/revisions"}],"predecessor-version":[{"id":1324,"href":"https:\/\/osteopathie-schwentinental.de\/index.php?rest_route=\/wp\/v2\/pages\/355\/revisions\/1324"}],"wp:attachment":[{"href":"https:\/\/osteopathie-schwentinental.de\/index.php?rest_route=%2Fwp%2Fv2%2Fmedia&parent=355"}],"curies":[{"name":"wp","href":"https:\/\/api.w.org\/{rel}","templated":true}]}}