{"id":39,"date":"2023-02-04T18:04:27","date_gmt":"2023-02-04T18:04:27","guid":{"rendered":"https:\/\/osteopathie-schwentinental.de\/?page_id=39"},"modified":"2023-08-07T11:58:55","modified_gmt":"2023-08-07T11:58:55","slug":"therapie","status":"publish","type":"page","link":"https:\/\/osteopathie-schwentinental.de\/?page_id=39","title":{"rendered":"Therapie"},"content":{"rendered":"\t\t<div data-elementor-type=\"wp-page\" data-elementor-id=\"39\" class=\"elementor elementor-39\">\n\t\t\t\t\t\t<section class=\"elementor-section elementor-top-section elementor-element elementor-element-7c6d5c7c elementor-section-height-full elementor-section-boxed elementor-section-height-default elementor-section-items-middle\" data-id=\"7c6d5c7c\" data-element_type=\"section\" data-e-type=\"section\" data-settings=\"{&quot;background_background&quot;:&quot;classic&quot;,&quot;shape_divider_bottom&quot;:&quot;tilt&quot;}\">\n\t\t\t\t\t<div class=\"elementor-shape elementor-shape-bottom\" aria-hidden=\"true\" data-negative=\"false\">\n\t\t\t<svg xmlns=\"http:\/\/www.w3.org\/2000\/svg\" viewBox=\"0 0 1000 100\" preserveAspectRatio=\"none\">\n\t<path class=\"elementor-shape-fill\" d=\"M0,6V0h1000v100L0,6z\"\/>\n<\/svg>\t\t<\/div>\n\t\t\t\t\t<div class=\"elementor-container elementor-column-gap-custom\">\n\t\t\t\t\t<div class=\"elementor-column elementor-col-100 elementor-top-column elementor-element elementor-element-46fcd0c0\" data-id=\"46fcd0c0\" data-element_type=\"column\" data-e-type=\"column\" data-settings=\"{&quot;background_background&quot;:&quot;classic&quot;}\">\n\t\t\t<div class=\"elementor-widget-wrap elementor-element-populated\">\n\t\t\t\t\t\t<div class=\"elementor-element elementor-element-735c84 elementor-widget-tablet__width-inherit elementor-widget elementor-widget-image\" data-id=\"735c84\" data-element_type=\"widget\" data-e-type=\"widget\" data-widget_type=\"image.default\">\n\t\t\t\t<div class=\"elementor-widget-container\">\n\t\t\t\t\t\t\t\t\t\t\t\t\t\t\t<img fetchpriority=\"high\" decoding=\"async\" width=\"1024\" height=\"237\" src=\"https:\/\/osteopathie-schwentinental.de\/wp-content\/uploads\/2023\/02\/Logo-ohne-beruf-1024x237.png\" class=\"attachment-large size-large wp-image-14\" alt=\"\" srcset=\"https:\/\/osteopathie-schwentinental.de\/wp-content\/uploads\/2023\/02\/Logo-ohne-beruf-1024x237.png 1024w, https:\/\/osteopathie-schwentinental.de\/wp-content\/uploads\/2023\/02\/Logo-ohne-beruf-300x70.png 300w, https:\/\/osteopathie-schwentinental.de\/wp-content\/uploads\/2023\/02\/Logo-ohne-beruf-768x178.png 768w, https:\/\/osteopathie-schwentinental.de\/wp-content\/uploads\/2023\/02\/Logo-ohne-beruf-1536x356.png 1536w, https:\/\/osteopathie-schwentinental.de\/wp-content\/uploads\/2023\/02\/Logo-ohne-beruf.png 1824w\" sizes=\"(max-width: 1024px) 100vw, 1024px\" \/>\t\t\t\t\t\t\t\t\t\t\t\t\t\t\t<\/div>\n\t\t\t\t<\/div>\n\t\t\t\t<div class=\"elementor-element elementor-element-59999e5d elementor-widget__width-inherit elementor-widget elementor-widget-text-editor\" data-id=\"59999e5d\" data-element_type=\"widget\" data-e-type=\"widget\" data-widget_type=\"text-editor.default\">\n\t\t\t\t<div class=\"elementor-widget-container\">\n\t\t\t\t\t\t\t\t\t<p>\u00a0<\/p><p><span style=\"font-size: 14px; color: var( --e-global-color-text );\">Ich praktiziere die\u00a0<\/span><span style=\"font-size: 14px; color: var( --e-global-color-text );\"><b>Osteopathie nach dem biokybernetischen Model<\/b><\/span><span style=\"font-size: 14px; color: var( --e-global-color-text );\"><strong>l<\/strong>.<\/span><\/p><p style=\"font-variant-ligatures: normal; font-variant-caps: normal; font-family: Roboto, sans-serif; font-size: 14px; font-style: normal; font-weight: 400;\">Es handelt sich um eine moderne Art der Osteopathie, die es mir erlaubt,\u00a0 physiotherapeutische, manualtherapeutische und osteopathische Denkweisen, Untersuchungs- und Therapietechniken perfekt miteinander zu synthetisieren und in Einklang zu bringen.<\/p><p style=\"font-variant-ligatures: normal; font-variant-caps: normal; font-family: Roboto, sans-serif; font-size: 14px; font-style: normal; font-weight: 400;\">So ist zum Beispiel die Manuelle Therapie &#8211; eine physiotherapeutische Zertifikatsposition &#8211; in das biokybernetische Modell als\u00a0<span style=\"font-size: 14px; font-weight: 600;\">parietale Therapie<\/span>\u00a0integriert.\u00a0<span style=\"font-family: Roboto, sans-serif; font-size: 14px; font-style: normal; font-variant-ligatures: normal; font-variant-caps: normal; font-weight: 400; color: var( --e-global-color-text );\">Neben dieser sogenannten parietalen Therapie, beinhaltet die Osteopathie:<\/span><\/p><p><span style=\"font-size: 14px; font-weight: 600;\">Die viszerale Therapie<\/span>\u00a0&#8211;\u00a0<span style=\"font-size: 14px; color: var( --e-global-color-text );\">Sie umfasst die Therapie der Organe und ihres faszialen Halte- und Aufh\u00e4ngeapparates.\u00a0<\/span><\/p><p><span style=\"font-family: Roboto, sans-serif; font-size: 14px; font-style: normal; font-variant-ligatures: normal; font-variant-caps: normal; color: var( --e-global-color-text ); font-weight: 600;\">Die Craniosakrale Therapie<\/span><span style=\"font-family: Roboto, sans-serif; font-size: 14px; font-style: normal; font-variant-ligatures: normal; font-variant-caps: normal; font-weight: 400; color: var( --e-global-color-text );\">\u00a0\u2013 Sie beinhaltet viele sanfte Techniken, \u00fcber welche Einfluss auf die rhythmische Pulsation des Hirnwassers genommen wird. Au\u00dferdem umfasst sie die Mobilisation und Funktionsverbesserung einzelner Sch\u00e4delknochen, der Wirbels\u00e4ule und des Kreuzbeins sowie damit verbundener Strukturen, wie z.B. der Hirnh\u00e4ute.<\/span><\/p><p style=\"font-variant-ligatures: normal; font-variant-caps: normal; font-family: Roboto, sans-serif; font-size: 14px; font-style: normal; font-weight: 400;\">Meine osteopathische Arbeit wird durch Aspekte der traditionellen chinesischen Medizin erg\u00e4nzt und bereichert.<\/p>\t\t\t\t\t\t\t\t<\/div>\n\t\t\t\t<\/div>\n\t\t\t\t\t<\/div>\n\t\t<\/div>\n\t\t\t\t\t<\/div>\n\t\t<\/section>\n\t\t\t\t<section class=\"elementor-section elementor-top-section elementor-element elementor-element-1d7792c elementor-section-boxed elementor-section-height-default elementor-section-height-default\" data-id=\"1d7792c\" data-element_type=\"section\" data-e-type=\"section\" data-settings=\"{&quot;background_background&quot;:&quot;classic&quot;}\">\n\t\t\t\t\t\t<div class=\"elementor-container elementor-column-gap-default\">\n\t\t\t\t\t<div class=\"elementor-column elementor-col-33 elementor-top-column elementor-element elementor-element-38c529bb\" data-id=\"38c529bb\" data-element_type=\"column\" data-e-type=\"column\" data-settings=\"{&quot;background_background&quot;:&quot;classic&quot;}\">\n\t\t\t<div class=\"elementor-widget-wrap elementor-element-populated\">\n\t\t\t\t\t\t<div class=\"elementor-element elementor-element-2f543a04 elementor-widget-mobile__width-inherit elementor-widget elementor-widget-image\" data-id=\"2f543a04\" data-element_type=\"widget\" data-e-type=\"widget\" data-widget_type=\"image.default\">\n\t\t\t\t<div class=\"elementor-widget-container\">\n\t\t\t\t\t\t\t\t\t\t\t\t\t\t\t<img fetchpriority=\"high\" decoding=\"async\" width=\"1024\" height=\"237\" src=\"https:\/\/osteopathie-schwentinental.de\/wp-content\/uploads\/2023\/02\/Logo-ohne-beruf-1024x237.png\" class=\"attachment-large size-large wp-image-14\" alt=\"\" srcset=\"https:\/\/osteopathie-schwentinental.de\/wp-content\/uploads\/2023\/02\/Logo-ohne-beruf-1024x237.png 1024w, https:\/\/osteopathie-schwentinental.de\/wp-content\/uploads\/2023\/02\/Logo-ohne-beruf-300x70.png 300w, https:\/\/osteopathie-schwentinental.de\/wp-content\/uploads\/2023\/02\/Logo-ohne-beruf-768x178.png 768w, https:\/\/osteopathie-schwentinental.de\/wp-content\/uploads\/2023\/02\/Logo-ohne-beruf-1536x356.png 1536w, https:\/\/osteopathie-schwentinental.de\/wp-content\/uploads\/2023\/02\/Logo-ohne-beruf.png 1824w\" sizes=\"(max-width: 1024px) 100vw, 1024px\" \/>\t\t\t\t\t\t\t\t\t\t\t\t\t\t\t<\/div>\n\t\t\t\t<\/div>\n\t\t\t\t\t<\/div>\n\t\t<\/div>\n\t\t\t\t<div class=\"elementor-column elementor-col-33 elementor-top-column elementor-element elementor-element-504c8a15\" data-id=\"504c8a15\" data-element_type=\"column\" data-e-type=\"column\">\n\t\t\t<div class=\"elementor-widget-wrap elementor-element-populated\">\n\t\t\t\t\t\t<div class=\"elementor-element elementor-element-639996fa elementor-mobile-align-start elementor-widget-mobile__width-inherit elementor-icon-list--layout-traditional elementor-list-item-link-full_width elementor-widget elementor-widget-icon-list\" data-id=\"639996fa\" data-element_type=\"widget\" data-e-type=\"widget\" data-widget_type=\"icon-list.default\">\n\t\t\t\t<div class=\"elementor-widget-container\">\n\t\t\t\t\t\t\t<ul class=\"elementor-icon-list-items\">\n\t\t\t\t\t\t\t<li class=\"elementor-icon-list-item\">\n\t\t\t\t\t\t\t\t\t\t\t<a href=\"https:\/\/osteopathie-schwentinental.de\/?page_id=335\">\n\n\t\t\t\t\t\t\t\t\t\t\t\t<span class=\"elementor-icon-list-icon\">\n\t\t\t\t\t\t\t<i aria-hidden=\"true\" class=\"fas fa-angle-right\"><\/i>\t\t\t\t\t\t<\/span>\n\t\t\t\t\t\t\t\t\t\t<span class=\"elementor-icon-list-text\">Impressum<\/span>\n\t\t\t\t\t\t\t\t\t\t\t<\/a>\n\t\t\t\t\t\t\t\t\t<\/li>\n\t\t\t\t\t\t\t\t<li class=\"elementor-icon-list-item\">\n\t\t\t\t\t\t\t\t\t\t\t<a href=\"https:\/\/osteopathie-schwentinental.de\/?page_id=265\">\n\n\t\t\t\t\t\t\t\t\t\t\t\t<span class=\"elementor-icon-list-icon\">\n\t\t\t\t\t\t\t<i aria-hidden=\"true\" class=\"fas fa-angle-right\"><\/i>\t\t\t\t\t\t<\/span>\n\t\t\t\t\t\t\t\t\t\t<span class=\"elementor-icon-list-text\">Datenschutz<\/span>\n\t\t\t\t\t\t\t\t\t\t\t<\/a>\n\t\t\t\t\t\t\t\t\t<\/li>\n\t\t\t\t\t\t<\/ul>\n\t\t\t\t\t\t<\/div>\n\t\t\t\t<\/div>\n\t\t\t\t\t<\/div>\n\t\t<\/div>\n\t\t\t\t<div class=\"elementor-column elementor-col-33 elementor-top-column elementor-element elementor-element-3f69f853\" data-id=\"3f69f853\" data-element_type=\"column\" data-e-type=\"column\">\n\t\t\t<div class=\"elementor-widget-wrap elementor-element-populated\">\n\t\t\t\t\t\t\t<\/div>\n\t\t<\/div>\n\t\t\t\t\t<\/div>\n\t\t<\/section>\n\t\t\t\t<\/div>\n\t\t","protected":false},"excerpt":{"rendered":"<p>\u00a0 Ich praktiziere die\u00a0Osteopathie nach dem biokybernetischen Modell. Es handelt sich um eine moderne Art der Osteopathie, die es mir erlaubt,\u00a0 physiotherapeutische, manualtherapeutische und osteopathische Denkweisen, Untersuchungs- und Therapietechniken perfekt miteinander zu synthetisieren und in Einklang zu bringen. So ist zum Beispiel die Manuelle Therapie &#8211; eine physiotherapeutische Zertifikatsposition &#8211; in das biokybernetische Modell als\u00a0parietale [&hellip;]<\/p>\n","protected":false},"author":1,"featured_media":0,"parent":0,"menu_order":0,"comment_status":"closed","ping_status":"closed","template":"","meta":{"ocean_post_layout":"full-screen","ocean_both_sidebars_style":"","ocean_both_sidebars_content_width":0,"ocean_both_sidebars_sidebars_width":0,"ocean_sidebar":"0","ocean_second_sidebar":"0","ocean_disable_margins":"enable","ocean_add_body_class":"","ocean_shortcode_before_top_bar":"","ocean_shortcode_after_top_bar":"","ocean_shortcode_before_header":"","ocean_shortcode_after_header":"","ocean_has_shortcode":"","ocean_shortcode_after_title":"","ocean_shortcode_before_footer_widgets":"","ocean_shortcode_after_footer_widgets":"","ocean_shortcode_before_footer_bottom":"","ocean_shortcode_after_footer_bottom":"","ocean_display_top_bar":"off","ocean_display_header":"default","ocean_header_style":"","ocean_center_header_left_menu":"0","ocean_custom_header_template":"0","ocean_custom_logo":0,"ocean_custom_retina_logo":0,"ocean_custom_logo_max_width":0,"ocean_custom_logo_tablet_max_width":0,"ocean_custom_logo_mobile_max_width":0,"ocean_custom_logo_max_height":0,"ocean_custom_logo_tablet_max_height":0,"ocean_custom_logo_mobile_max_height":0,"ocean_header_custom_menu":"0","ocean_menu_typo_font_family":"0","ocean_menu_typo_font_subset":"","ocean_menu_typo_font_size":0,"ocean_menu_typo_font_size_tablet":0,"ocean_menu_typo_font_size_mobile":0,"ocean_menu_typo_font_size_unit":"px","ocean_menu_typo_font_weight":"","ocean_menu_typo_font_weight_tablet":"","ocean_menu_typo_font_weight_mobile":"","ocean_menu_typo_transform":"","ocean_menu_typo_transform_tablet":"","ocean_menu_typo_transform_mobile":"","ocean_menu_typo_line_height":0,"ocean_menu_typo_line_height_tablet":0,"ocean_menu_typo_line_height_mobile":0,"ocean_menu_typo_line_height_unit":"","ocean_menu_typo_spacing":0,"ocean_menu_typo_spacing_tablet":0,"ocean_menu_typo_spacing_mobile":0,"ocean_menu_typo_spacing_unit":"","ocean_menu_link_color":"","ocean_menu_link_color_hover":"","ocean_menu_link_color_active":"","ocean_menu_link_background":"","ocean_menu_link_hover_background":"","ocean_menu_link_active_background":"","ocean_menu_social_links_bg":"","ocean_menu_social_hover_links_bg":"","ocean_menu_social_links_color":"","ocean_menu_social_hover_links_color":"","ocean_disable_title":"on","ocean_disable_heading":"default","ocean_post_title":"","ocean_post_subheading":"","ocean_post_title_style":"","ocean_post_title_background_color":"","ocean_post_title_background":0,"ocean_post_title_bg_image_position":"","ocean_post_title_bg_image_attachment":"","ocean_post_title_bg_image_repeat":"","ocean_post_title_bg_image_size":"","ocean_post_title_height":0,"ocean_post_title_bg_overlay":0.5,"ocean_post_title_bg_overlay_color":"","ocean_disable_breadcrumbs":"default","ocean_breadcrumbs_color":"","ocean_breadcrumbs_separator_color":"","ocean_breadcrumbs_links_color":"","ocean_breadcrumbs_links_hover_color":"","ocean_display_footer_widgets":"off","ocean_display_footer_bottom":"off","ocean_custom_footer_template":"0","footnotes":""},"class_list":["post-39","page","type-page","status-publish","hentry","entry"],"_links":{"self":[{"href":"https:\/\/osteopathie-schwentinental.de\/index.php?rest_route=\/wp\/v2\/pages\/39","targetHints":{"allow":["GET"]}}],"collection":[{"href":"https:\/\/osteopathie-schwentinental.de\/index.php?rest_route=\/wp\/v2\/pages"}],"about":[{"href":"https:\/\/osteopathie-schwentinental.de\/index.php?rest_route=\/wp\/v2\/types\/page"}],"author":[{"embeddable":true,"href":"https:\/\/osteopathie-schwentinental.de\/index.php?rest_route=\/wp\/v2\/users\/1"}],"replies":[{"embeddable":true,"href":"https:\/\/osteopathie-schwentinental.de\/index.php?rest_route=%2Fwp%2Fv2%2Fcomments&post=39"}],"version-history":[{"count":88,"href":"https:\/\/osteopathie-schwentinental.de\/index.php?rest_route=\/wp\/v2\/pages\/39\/revisions"}],"predecessor-version":[{"id":1236,"href":"https:\/\/osteopathie-schwentinental.de\/index.php?rest_route=\/wp\/v2\/pages\/39\/revisions\/1236"}],"wp:attachment":[{"href":"https:\/\/osteopathie-schwentinental.de\/index.php?rest_route=%2Fwp%2Fv2%2Fmedia&parent=39"}],"curies":[{"name":"wp","href":"https:\/\/api.w.org\/{rel}","templated":true}]}}