{"id":41,"date":"2023-02-04T18:05:33","date_gmt":"2023-02-04T18:05:33","guid":{"rendered":"https:\/\/osteopathie-schwentinental.de\/?page_id=41"},"modified":"2026-03-09T14:13:20","modified_gmt":"2026-03-09T14:13:20","slug":"die-praxis","status":"publish","type":"page","link":"https:\/\/osteopathie-schwentinental.de\/?page_id=41","title":{"rendered":"Die Praxis"},"content":{"rendered":"\t\t<div data-elementor-type=\"wp-page\" data-elementor-id=\"41\" class=\"elementor elementor-41\">\n\t\t\t\t\t\t<section class=\"elementor-section elementor-top-section elementor-element elementor-element-190feffe elementor-section-height-full elementor-section-boxed elementor-section-height-default elementor-section-items-middle\" data-id=\"190feffe\" data-element_type=\"section\" data-e-type=\"section\" data-settings=\"{&quot;background_background&quot;:&quot;classic&quot;,&quot;shape_divider_bottom&quot;:&quot;tilt&quot;}\">\n\t\t\t\t\t<div class=\"elementor-shape elementor-shape-bottom\" aria-hidden=\"true\" data-negative=\"false\">\n\t\t\t<svg xmlns=\"http:\/\/www.w3.org\/2000\/svg\" viewBox=\"0 0 1000 100\" preserveAspectRatio=\"none\">\n\t<path class=\"elementor-shape-fill\" d=\"M0,6V0h1000v100L0,6z\"\/>\n<\/svg>\t\t<\/div>\n\t\t\t\t\t<div class=\"elementor-container elementor-column-gap-custom\">\n\t\t\t\t\t<div class=\"elementor-column elementor-col-100 elementor-top-column elementor-element elementor-element-32583974\" data-id=\"32583974\" data-element_type=\"column\" data-e-type=\"column\" data-settings=\"{&quot;background_background&quot;:&quot;classic&quot;}\">\n\t\t\t<div class=\"elementor-widget-wrap elementor-element-populated\">\n\t\t\t\t\t\t<div class=\"elementor-element elementor-element-71723ca0 elementor-widget elementor-widget-image\" data-id=\"71723ca0\" data-element_type=\"widget\" data-e-type=\"widget\" data-widget_type=\"image.default\">\n\t\t\t\t<div class=\"elementor-widget-container\">\n\t\t\t\t\t\t\t\t\t\t\t\t\t\t\t<img fetchpriority=\"high\" decoding=\"async\" width=\"1024\" height=\"237\" src=\"https:\/\/osteopathie-schwentinental.de\/wp-content\/uploads\/2023\/02\/Logo-ohne-beruf-1024x237.png\" class=\"attachment-large size-large wp-image-14\" alt=\"\" srcset=\"https:\/\/osteopathie-schwentinental.de\/wp-content\/uploads\/2023\/02\/Logo-ohne-beruf-1024x237.png 1024w, https:\/\/osteopathie-schwentinental.de\/wp-content\/uploads\/2023\/02\/Logo-ohne-beruf-300x70.png 300w, https:\/\/osteopathie-schwentinental.de\/wp-content\/uploads\/2023\/02\/Logo-ohne-beruf-768x178.png 768w, https:\/\/osteopathie-schwentinental.de\/wp-content\/uploads\/2023\/02\/Logo-ohne-beruf-1536x356.png 1536w, https:\/\/osteopathie-schwentinental.de\/wp-content\/uploads\/2023\/02\/Logo-ohne-beruf.png 1824w\" sizes=\"(max-width: 1024px) 100vw, 1024px\" \/>\t\t\t\t\t\t\t\t\t\t\t\t\t\t\t<\/div>\n\t\t\t\t<\/div>\n\t\t\t\t<div class=\"elementor-element elementor-element-33ed223 elementor-widget-mobile__width-inherit elementor-widget-tablet__width-inherit elementor-widget elementor-widget-text-editor\" data-id=\"33ed223\" data-element_type=\"widget\" data-e-type=\"widget\" data-widget_type=\"text-editor.default\">\n\t\t\t\t<div class=\"elementor-widget-container\">\n\t\t\t\t\t\t\t\t\t<p style=\"text-align: center;\">Herzlich Willkommen,<\/p><p>Sie finden meine Praxis in der Klaus-Groth-Str. 3 in Schwentinental, direkt gegen\u00fcber dem Rathaus und nur f\u00fcnf Geh-Minuten von der wundersch\u00f6nen Schwentine und dem Wildpark entfernt. In unmittelbarer N\u00e4he befinden sich diverse andere Gesundheitsdienstleister wie Arztpraxen, Logop\u00e4die, Physiotherapie und eine Apotheke. Der Praxiseingang befindet sich auf der R\u00fcckseite der Bewohnerzug\u00e4nge.<\/p><p style=\"margin: 0cm 0cm 15pt; background-image: initial; background-position: initial; background-size: initial; background-repeat: initial; background-attachment: initial; background-origin: initial; background-clip: initial;\" align=\"center\">\u00a0<\/p>\t\t\t\t\t\t\t\t<\/div>\n\t\t\t\t<\/div>\n\t\t\t\t<section class=\"elementor-section elementor-inner-section elementor-element elementor-element-4492838 elementor-section-boxed elementor-section-height-default elementor-section-height-default\" data-id=\"4492838\" data-element_type=\"section\" data-e-type=\"section\">\n\t\t\t\t\t\t<div class=\"elementor-container elementor-column-gap-default\">\n\t\t\t\t\t<div class=\"elementor-column elementor-col-50 elementor-inner-column elementor-element elementor-element-27b549d\" data-id=\"27b549d\" data-element_type=\"column\" data-e-type=\"column\">\n\t\t\t<div class=\"elementor-widget-wrap elementor-element-populated\">\n\t\t\t\t\t\t<div class=\"elementor-element elementor-element-99dc33f elementor-widget__width-inherit elementor-absolute elementor-widget elementor-widget-image\" data-id=\"99dc33f\" data-element_type=\"widget\" data-e-type=\"widget\" data-settings=\"{&quot;_position&quot;:&quot;absolute&quot;}\" data-widget_type=\"image.default\">\n\t\t\t\t<div class=\"elementor-widget-container\">\n\t\t\t\t\t\t\t\t\t\t\t\t\t\t\t<img decoding=\"async\" width=\"1024\" height=\"576\" src=\"https:\/\/osteopathie-schwentinental.de\/wp-content\/uploads\/2023\/02\/photo_2023-02-18_12-39-38-1024x576.jpg\" class=\"attachment-large size-large wp-image-395\" alt=\"\" srcset=\"https:\/\/osteopathie-schwentinental.de\/wp-content\/uploads\/2023\/02\/photo_2023-02-18_12-39-38-1024x576.jpg 1024w, https:\/\/osteopathie-schwentinental.de\/wp-content\/uploads\/2023\/02\/photo_2023-02-18_12-39-38-300x169.jpg 300w, https:\/\/osteopathie-schwentinental.de\/wp-content\/uploads\/2023\/02\/photo_2023-02-18_12-39-38-768x432.jpg 768w, https:\/\/osteopathie-schwentinental.de\/wp-content\/uploads\/2023\/02\/photo_2023-02-18_12-39-38-800x450.jpg 800w, https:\/\/osteopathie-schwentinental.de\/wp-content\/uploads\/2023\/02\/photo_2023-02-18_12-39-38.jpg 1280w\" sizes=\"(max-width: 1024px) 100vw, 1024px\" \/>\t\t\t\t\t\t\t\t\t\t\t\t\t\t\t<\/div>\n\t\t\t\t<\/div>\n\t\t\t\t\t<\/div>\n\t\t<\/div>\n\t\t\t\t<div class=\"elementor-column elementor-col-50 elementor-inner-column elementor-element elementor-element-82041e7\" data-id=\"82041e7\" data-element_type=\"column\" data-e-type=\"column\">\n\t\t\t<div class=\"elementor-widget-wrap elementor-element-populated\">\n\t\t\t\t\t\t<div class=\"elementor-element elementor-element-04f7a73 elementor-widget__width-inherit elementor-absolute elementor-widget elementor-widget-image\" data-id=\"04f7a73\" data-element_type=\"widget\" data-e-type=\"widget\" data-settings=\"{&quot;_position&quot;:&quot;absolute&quot;}\" data-widget_type=\"image.default\">\n\t\t\t\t<div class=\"elementor-widget-container\">\n\t\t\t\t\t\t\t\t\t\t\t\t\t\t\t<img decoding=\"async\" width=\"1024\" height=\"575\" src=\"https:\/\/osteopathie-schwentinental.de\/wp-content\/uploads\/2023\/02\/photo_2023-02-18_12-39-53-1024x575.jpg\" class=\"attachment-large size-large wp-image-396\" alt=\"\" srcset=\"https:\/\/osteopathie-schwentinental.de\/wp-content\/uploads\/2023\/02\/photo_2023-02-18_12-39-53-1024x575.jpg 1024w, https:\/\/osteopathie-schwentinental.de\/wp-content\/uploads\/2023\/02\/photo_2023-02-18_12-39-53-300x169.jpg 300w, https:\/\/osteopathie-schwentinental.de\/wp-content\/uploads\/2023\/02\/photo_2023-02-18_12-39-53-768x431.jpg 768w, https:\/\/osteopathie-schwentinental.de\/wp-content\/uploads\/2023\/02\/photo_2023-02-18_12-39-53-800x450.jpg 800w, https:\/\/osteopathie-schwentinental.de\/wp-content\/uploads\/2023\/02\/photo_2023-02-18_12-39-53.jpg 1280w\" sizes=\"(max-width: 1024px) 100vw, 1024px\" \/>\t\t\t\t\t\t\t\t\t\t\t\t\t\t\t<\/div>\n\t\t\t\t<\/div>\n\t\t\t\t\t<\/div>\n\t\t<\/div>\n\t\t\t\t\t<\/div>\n\t\t<\/section>\n\t\t\t\t\t<\/div>\n\t\t<\/div>\n\t\t\t\t\t<\/div>\n\t\t<\/section>\n\t\t\t\t<section class=\"elementor-section elementor-top-section elementor-element elementor-element-141acc0e elementor-section-boxed elementor-section-height-default elementor-section-height-default\" data-id=\"141acc0e\" data-element_type=\"section\" data-e-type=\"section\" data-settings=\"{&quot;background_background&quot;:&quot;classic&quot;}\">\n\t\t\t\t\t\t<div class=\"elementor-container elementor-column-gap-default\">\n\t\t\t\t\t<div class=\"elementor-column elementor-col-33 elementor-top-column elementor-element elementor-element-79f01725\" data-id=\"79f01725\" data-element_type=\"column\" data-e-type=\"column\" data-settings=\"{&quot;background_background&quot;:&quot;classic&quot;}\">\n\t\t\t<div class=\"elementor-widget-wrap elementor-element-populated\">\n\t\t\t\t\t\t<div class=\"elementor-element elementor-element-da3fb5c elementor-widget-mobile__width-inherit elementor-widget elementor-widget-image\" data-id=\"da3fb5c\" data-element_type=\"widget\" data-e-type=\"widget\" data-widget_type=\"image.default\">\n\t\t\t\t<div class=\"elementor-widget-container\">\n\t\t\t\t\t\t\t\t\t\t\t\t\t\t\t<img fetchpriority=\"high\" decoding=\"async\" width=\"1024\" height=\"237\" src=\"https:\/\/osteopathie-schwentinental.de\/wp-content\/uploads\/2023\/02\/Logo-ohne-beruf-1024x237.png\" class=\"attachment-large size-large wp-image-14\" alt=\"\" srcset=\"https:\/\/osteopathie-schwentinental.de\/wp-content\/uploads\/2023\/02\/Logo-ohne-beruf-1024x237.png 1024w, https:\/\/osteopathie-schwentinental.de\/wp-content\/uploads\/2023\/02\/Logo-ohne-beruf-300x70.png 300w, https:\/\/osteopathie-schwentinental.de\/wp-content\/uploads\/2023\/02\/Logo-ohne-beruf-768x178.png 768w, https:\/\/osteopathie-schwentinental.de\/wp-content\/uploads\/2023\/02\/Logo-ohne-beruf-1536x356.png 1536w, https:\/\/osteopathie-schwentinental.de\/wp-content\/uploads\/2023\/02\/Logo-ohne-beruf.png 1824w\" sizes=\"(max-width: 1024px) 100vw, 1024px\" \/>\t\t\t\t\t\t\t\t\t\t\t\t\t\t\t<\/div>\n\t\t\t\t<\/div>\n\t\t\t\t\t<\/div>\n\t\t<\/div>\n\t\t\t\t<div class=\"elementor-column elementor-col-33 elementor-top-column elementor-element elementor-element-496fa52a\" data-id=\"496fa52a\" data-element_type=\"column\" data-e-type=\"column\">\n\t\t\t<div class=\"elementor-widget-wrap elementor-element-populated\">\n\t\t\t\t\t\t<div class=\"elementor-element elementor-element-6237374 elementor-align-start elementor-mobile-align-start elementor-widget-mobile__width-inherit elementor-icon-list--layout-traditional elementor-list-item-link-full_width elementor-widget elementor-widget-icon-list\" data-id=\"6237374\" data-element_type=\"widget\" data-e-type=\"widget\" data-widget_type=\"icon-list.default\">\n\t\t\t\t<div class=\"elementor-widget-container\">\n\t\t\t\t\t\t\t<ul class=\"elementor-icon-list-items\">\n\t\t\t\t\t\t\t<li class=\"elementor-icon-list-item\">\n\t\t\t\t\t\t\t\t\t\t\t<a href=\"https:\/\/osteopathie-schwentinental.de\/?page_id=335\">\n\n\t\t\t\t\t\t\t\t\t\t\t\t<span class=\"elementor-icon-list-icon\">\n\t\t\t\t\t\t\t<i aria-hidden=\"true\" class=\"fas fa-angle-right\"><\/i>\t\t\t\t\t\t<\/span>\n\t\t\t\t\t\t\t\t\t\t<span class=\"elementor-icon-list-text\">Impressum<\/span>\n\t\t\t\t\t\t\t\t\t\t\t<\/a>\n\t\t\t\t\t\t\t\t\t<\/li>\n\t\t\t\t\t\t\t\t<li class=\"elementor-icon-list-item\">\n\t\t\t\t\t\t\t\t\t\t\t<a href=\"https:\/\/osteopathie-schwentinental.de\/?page_id=265\">\n\n\t\t\t\t\t\t\t\t\t\t\t\t<span class=\"elementor-icon-list-icon\">\n\t\t\t\t\t\t\t<i aria-hidden=\"true\" class=\"fas fa-angle-right\"><\/i>\t\t\t\t\t\t<\/span>\n\t\t\t\t\t\t\t\t\t\t<span class=\"elementor-icon-list-text\">Datenschutz<\/span>\n\t\t\t\t\t\t\t\t\t\t\t<\/a>\n\t\t\t\t\t\t\t\t\t<\/li>\n\t\t\t\t\t\t<\/ul>\n\t\t\t\t\t\t<\/div>\n\t\t\t\t<\/div>\n\t\t\t\t\t<\/div>\n\t\t<\/div>\n\t\t\t\t<div class=\"elementor-column elementor-col-33 elementor-top-column elementor-element elementor-element-1a685b2a\" data-id=\"1a685b2a\" data-element_type=\"column\" data-e-type=\"column\">\n\t\t\t<div class=\"elementor-widget-wrap elementor-element-populated\">\n\t\t\t\t\t\t\t<\/div>\n\t\t<\/div>\n\t\t\t\t\t<\/div>\n\t\t<\/section>\n\t\t\t\t<\/div>\n\t\t","protected":false},"excerpt":{"rendered":"<p>Herzlich Willkommen, Sie finden meine Praxis in der Klaus-Groth-Str. 3 in Schwentinental, direkt gegen\u00fcber dem Rathaus und nur f\u00fcnf Geh-Minuten von der wundersch\u00f6nen Schwentine und dem Wildpark entfernt. In unmittelbarer N\u00e4he befinden sich diverse andere Gesundheitsdienstleister wie Arztpraxen, Logop\u00e4die, Physiotherapie und eine Apotheke. Der Praxiseingang befindet sich auf der R\u00fcckseite der Bewohnerzug\u00e4nge. \u00a0 Impressum Datenschutz<\/p>\n","protected":false},"author":1,"featured_media":0,"parent":0,"menu_order":0,"comment_status":"closed","ping_status":"closed","template":"","meta":{"ocean_post_layout":"full-screen","ocean_both_sidebars_style":"","ocean_both_sidebars_content_width":0,"ocean_both_sidebars_sidebars_width":0,"ocean_sidebar":"0","ocean_second_sidebar":"0","ocean_disable_margins":"enable","ocean_add_body_class":"","ocean_shortcode_before_top_bar":"","ocean_shortcode_after_top_bar":"","ocean_shortcode_before_header":"","ocean_shortcode_after_header":"","ocean_has_shortcode":"","ocean_shortcode_after_title":"","ocean_shortcode_before_footer_widgets":"","ocean_shortcode_after_footer_widgets":"","ocean_shortcode_before_footer_bottom":"","ocean_shortcode_after_footer_bottom":"","ocean_display_top_bar":"off","ocean_display_header":"default","ocean_header_style":"","ocean_center_header_left_menu":"0","ocean_custom_header_template":"0","ocean_custom_logo":0,"ocean_custom_retina_logo":0,"ocean_custom_logo_max_width":0,"ocean_custom_logo_tablet_max_width":0,"ocean_custom_logo_mobile_max_width":0,"ocean_custom_logo_max_height":0,"ocean_custom_logo_tablet_max_height":0,"ocean_custom_logo_mobile_max_height":0,"ocean_header_custom_menu":"0","ocean_menu_typo_font_family":"0","ocean_menu_typo_font_subset":"","ocean_menu_typo_font_size":0,"ocean_menu_typo_font_size_tablet":0,"ocean_menu_typo_font_size_mobile":0,"ocean_menu_typo_font_size_unit":"px","ocean_menu_typo_font_weight":"","ocean_menu_typo_font_weight_tablet":"","ocean_menu_typo_font_weight_mobile":"","ocean_menu_typo_transform":"","ocean_menu_typo_transform_tablet":"","ocean_menu_typo_transform_mobile":"","ocean_menu_typo_line_height":0,"ocean_menu_typo_line_height_tablet":0,"ocean_menu_typo_line_height_mobile":0,"ocean_menu_typo_line_height_unit":"","ocean_menu_typo_spacing":0,"ocean_menu_typo_spacing_tablet":0,"ocean_menu_typo_spacing_mobile":0,"ocean_menu_typo_spacing_unit":"","ocean_menu_link_color":"","ocean_menu_link_color_hover":"","ocean_menu_link_color_active":"","ocean_menu_link_background":"","ocean_menu_link_hover_background":"","ocean_menu_link_active_background":"","ocean_menu_social_links_bg":"","ocean_menu_social_hover_links_bg":"","ocean_menu_social_links_color":"","ocean_menu_social_hover_links_color":"","ocean_disable_title":"on","ocean_disable_heading":"default","ocean_post_title":"","ocean_post_subheading":"","ocean_post_title_style":"","ocean_post_title_background_color":"","ocean_post_title_background":0,"ocean_post_title_bg_image_position":"","ocean_post_title_bg_image_attachment":"","ocean_post_title_bg_image_repeat":"","ocean_post_title_bg_image_size":"","ocean_post_title_height":0,"ocean_post_title_bg_overlay":0.5,"ocean_post_title_bg_overlay_color":"","ocean_disable_breadcrumbs":"default","ocean_breadcrumbs_color":"","ocean_breadcrumbs_separator_color":"","ocean_breadcrumbs_links_color":"","ocean_breadcrumbs_links_hover_color":"","ocean_display_footer_widgets":"off","ocean_display_footer_bottom":"off","ocean_custom_footer_template":"0","footnotes":""},"class_list":["post-41","page","type-page","status-publish","hentry","entry"],"_links":{"self":[{"href":"https:\/\/osteopathie-schwentinental.de\/index.php?rest_route=\/wp\/v2\/pages\/41","targetHints":{"allow":["GET"]}}],"collection":[{"href":"https:\/\/osteopathie-schwentinental.de\/index.php?rest_route=\/wp\/v2\/pages"}],"about":[{"href":"https:\/\/osteopathie-schwentinental.de\/index.php?rest_route=\/wp\/v2\/types\/page"}],"author":[{"embeddable":true,"href":"https:\/\/osteopathie-schwentinental.de\/index.php?rest_route=\/wp\/v2\/users\/1"}],"replies":[{"embeddable":true,"href":"https:\/\/osteopathie-schwentinental.de\/index.php?rest_route=%2Fwp%2Fv2%2Fcomments&post=41"}],"version-history":[{"count":169,"href":"https:\/\/osteopathie-schwentinental.de\/index.php?rest_route=\/wp\/v2\/pages\/41\/revisions"}],"predecessor-version":[{"id":1332,"href":"https:\/\/osteopathie-schwentinental.de\/index.php?rest_route=\/wp\/v2\/pages\/41\/revisions\/1332"}],"wp:attachment":[{"href":"https:\/\/osteopathie-schwentinental.de\/index.php?rest_route=%2Fwp%2Fv2%2Fmedia&parent=41"}],"curies":[{"name":"wp","href":"https:\/\/api.w.org\/{rel}","templated":true}]}}